{"id":190,"date":"2021-06-07T11:18:32","date_gmt":"2021-06-07T11:18:32","guid":{"rendered":"https:\/\/www.cegfoundation.com\/?page_id=190"},"modified":"2021-06-09T08:26:49","modified_gmt":"2021-06-09T08:26:49","slug":"ueber-die-stiftung","status":"publish","type":"page","link":"https:\/\/www.cegfoundation.com\/?page_id=190","title":{"rendered":"\u00dcber die Stiftung"},"content":{"rendered":"<p>[et_pb_section fb_built=&#8220;1&#8243; admin_label=&#8220;Header&#8220; _builder_version=&#8220;3.22&#8243; background_color=&#8220;#f7f9f9&#8243; background_image=&#8220;https:\/\/www.cegfoundation.com\/wp-content\/uploads\/2021\/06\/charity-09.png&#8220; parallax=&#8220;on&#8220; collapsed=&#8220;off&#8220;][et_pb_row column_structure=&#8220;1_2,1_2&#8243; _builder_version=&#8220;3.25&#8243;][et_pb_column type=&#8220;1_2&#8243; _builder_version=&#8220;3.25&#8243; custom_padding=&#8220;60px|||&#8220; custom_padding_tablet=&#8220;0px||&#8220; custom_padding_phone=&#8220;&#8220; custom_padding_last_edited=&#8220;on|tablet&#8220; padding_tablet=&#8220;0px||&#8220; padding_last_edited=&#8220;on|tablet&#8220; custom_padding__hover=&#8220;|||&#8220;][et_pb_text _builder_version=&#8220;4.9.4&#8243; text_font=&#8220;Faustina||||||||&#8220; text_font_size=&#8220;21px&#8220; text_line_height=&#8220;2em&#8220; link_font=&#8220;|700|||||||&#8220; link_text_color=&#8220;#26c699&#8243; header_font=&#8220;||||||||&#8220; header_2_font=&#8220;Galada|600|||||||&#8220; header_2_text_color=&#8220;#0e7162&#8243; header_2_font_size=&#8220;42px&#8220; header_2_line_height=&#8220;1.4em&#8220; text_orientation=&#8220;center&#8220; max_width=&#8220;800px&#8220; module_alignment=&#8220;center&#8220; hover_enabled=&#8220;0&#8243; text_font_size_tablet=&#8220;&#8220; text_font_size_phone=&#8220;17px&#8220; text_font_size_last_edited=&#8220;on|phone&#8220; header_2_font_size_tablet=&#8220;32px&#8220; header_2_font_size_phone=&#8220;22px&#8220; header_2_font_size_last_edited=&#8220;on|desktop&#8220; locked=&#8220;off&#8220; sticky_enabled=&#8220;0&#8243; inline_fonts=&#8220;Meddon&#8220;]<\/p>\n<h2 style=\"text-align: left;\">Ich m\u00f6chte f\u00fcr mehr strahlende Kinderaugen in dieser Welt sorgen!<\/h2>\n<p style=\"text-align: left;\"><strong>Aus dem Grund habe ich 2006 <\/strong>die Children Empowerment Foundation gegr\u00fcndet. Eine Stiftung, die Kindern und Jugendlichen Selbstbestimmung, Selbstverwirklichung und Selbsterm\u00e4chtigung erm\u00f6glicht auf den Gebieten: Gesundheit, Kunst, Kreativit\u00e4t, sinnerf\u00fcllte Lebensgestaltung, Ern\u00e4hrung, Ausbildung, friedliche Kommunikation, Toleranz, finanzielles Empowerment, Naturerleben und Naturschutz.<\/p>\n<p>[\/et_pb_text][\/et_pb_column][et_pb_column type=&#8220;1_2&#8243; _builder_version=&#8220;3.25&#8243; custom_padding=&#8220;|||&#8220; custom_padding__hover=&#8220;|||&#8220;][et_pb_image src=&#8220;https:\/\/www.cegfoundation.com\/wp-content\/uploads\/2021\/06\/182795406_2940766792866616_1335629439748016419_n.jpg&#8220; show_bottom_space=&#8220;off&#8220; align_tablet=&#8220;center&#8220; align_phone=&#8220;&#8220; align_last_edited=&#8220;on|desktop&#8220; _builder_version=&#8220;4.9.4&#8243; custom_margin=&#8220;|-10vw||&#8220; custom_margin_tablet=&#8220;|0vw||&#8220; custom_margin_phone=&#8220;&#8220; custom_margin_last_edited=&#8220;on|tablet&#8220; animation_style=&#8220;slide&#8220; animation_direction=&#8220;right&#8220; animation_intensity_slide=&#8220;2%&#8220; hover_enabled=&#8220;0&#8243; title_text=&#8220;182795406_2940766792866616_1335629439748016419_n&#8220; sticky_enabled=&#8220;0&#8243;][\/et_pb_image][\/et_pb_column][\/et_pb_row][\/et_pb_section][et_pb_section fb_built=&#8220;1&#8243; admin_label=&#8220;About Us&#8220; _builder_version=&#8220;3.22&#8243; custom_margin=&#8220;-2px|||||&#8220; custom_width_px__hover=&#8220;1080px&#8220; custom_width_px__hover_enabled=&#8220;1080px&#8220; custom_width_percent__hover=&#8220;80%&#8220; custom_width_percent__hover_enabled=&#8220;80%&#8220; collapsed=&#8220;off&#8220; make_fullwidth__hover=&#8220;off&#8220; make_fullwidth__hover_enabled=&#8220;off&#8220; use_custom_width__hover=&#8220;off&#8220; use_custom_width__hover_enabled=&#8220;off&#8220; width_unit__hover=&#8220;on&#8220; width_unit__hover_enabled=&#8220;on&#8220; make_equal__hover=&#8220;off&#8220; make_equal__hover_enabled=&#8220;off&#8220; use_custom_gutter__hover=&#8220;off&#8220; use_custom_gutter__hover_enabled=&#8220;off&#8220; gutter_width__hover=&#8220;3&#8243; gutter_width__hover_enabled=&#8220;3&#8243; max_width__hover=&#8220;100%&#8220; max_width__hover_enabled=&#8220;100%&#8220; parallax_1__hover=&#8220;off&#8220; parallax_1__hover_enabled=&#8220;off&#8220; parallax_2__hover=&#8220;off&#8220; parallax_2__hover_enabled=&#8220;off&#8220; parallax_3__hover=&#8220;off&#8220; parallax_3__hover_enabled=&#8220;off&#8220; parallax_method_1__hover=&#8220;on&#8220; parallax_method_1__hover_enabled=&#8220;on&#8220; parallax_method_2__hover=&#8220;on&#8220; parallax_method_2__hover_enabled=&#8220;on&#8220; parallax_method_3__hover=&#8220;on&#8220; parallax_method_3__hover_enabled=&#8220;on&#8220; background_size__hover=&#8220;cover&#8220; background_size__hover_enabled=&#8220;cover&#8220; background_position__hover=&#8220;center&#8220; background_position__hover_enabled=&#8220;center&#8220; parallax__hover=&#8220;off&#8220; parallax__hover_enabled=&#8220;off&#8220; use_background_color_gradient__hover=&#8220;off&#8220; use_background_color_gradient__hover_enabled=&#8220;off&#8220; background_color_gradient_start__hover=&#8220;#2b87da&#8220; background_color_gradient_start__hover_enabled=&#8220;#2b87da&#8220; background_color_gradient_end__hover=&#8220;#29c4a9&#8243; background_color_gradient_end__hover_enabled=&#8220;#29c4a9&#8243; background_color_gradient_type__hover=&#8220;linear&#8220; background_color_gradient_type__hover_enabled=&#8220;linear&#8220; background_color_gradient_direction__hover=&#8220;180deg&#8220; background_color_gradient_direction__hover_enabled=&#8220;180deg&#8220; background_color_gradient_direction_radial__hover=&#8220;center&#8220; background_color_gradient_direction_radial__hover_enabled=&#8220;center&#8220; background_color_gradient_start_position__hover=&#8220;0%&#8220; background_color_gradient_start_position__hover_enabled=&#8220;0%&#8220; background_color_gradient_end_position__hover=&#8220;100%&#8220; background_color_gradient_end_position__hover_enabled=&#8220;100%&#8220; background_color_gradient_overlays_image__hover=&#8220;off&#8220; background_color_gradient_overlays_image__hover_enabled=&#8220;off&#8220; parallax_method__hover=&#8220;on&#8220; parallax_method__hover_enabled=&#8220;on&#8220; background_repeat__hover=&#8220;no-repeat&#8220; background_repeat__hover_enabled=&#8220;no-repeat&#8220; background_blend__hover=&#8220;normal&#8220; background_blend__hover_enabled=&#8220;normal&#8220; allow_player_pause__hover=&#8220;off&#8220; allow_player_pause__hover_enabled=&#8220;off&#8220; background_video_pause_outside_viewport__hover=&#8220;on&#8220; background_video_pause_outside_viewport__hover_enabled=&#8220;on&#8220; inner_shadow__hover=&#8220;off&#8220; inner_shadow__hover_enabled=&#8220;off&#8220; border_radii__hover=&#8220;on||||&#8220; border_radii__hover_enabled=&#8220;on||||&#8220; box_shadow_style__hover=&#8220;none&#8220; box_shadow_style__hover_enabled=&#8220;none&#8220; box_shadow_color__hover=&#8220;rgba(0,0,0,0.3)&#8220; box_shadow_color__hover_enabled=&#8220;rgba(0,0,0,0.3)&#8220; filter_hue_rotate__hover=&#8220;0deg&#8220; filter_hue_rotate__hover_enabled=&#8220;0deg&#8220; filter_saturate__hover=&#8220;100%&#8220; filter_saturate__hover_enabled=&#8220;100%&#8220; filter_brightness__hover=&#8220;100%&#8220; filter_brightness__hover_enabled=&#8220;100%&#8220; filter_contrast__hover=&#8220;100%&#8220; filter_contrast__hover_enabled=&#8220;100%&#8220; filter_invert__hover=&#8220;0%&#8220; filter_invert__hover_enabled=&#8220;0%&#8220; filter_sepia__hover=&#8220;0%&#8220; filter_sepia__hover_enabled=&#8220;0%&#8220; filter_opacity__hover=&#8220;100%&#8220; filter_opacity__hover_enabled=&#8220;100%&#8220; filter_blur__hover=&#8220;0px&#8220; filter_blur__hover_enabled=&#8220;0px&#8220; mix_blend_mode__hover=&#8220;normal&#8220; mix_blend_mode__hover_enabled=&#8220;normal&#8220; animation_style__hover=&#8220;none&#8220; animation_style__hover_enabled=&#8220;none&#8220; animation_repeat__hover=&#8220;once&#8220; animation_repeat__hover_enabled=&#8220;once&#8220; animation_direction__hover=&#8220;center&#8220; animation_direction__hover_enabled=&#8220;center&#8220; animation_duration__hover=&#8220;1000ms&#8220; animation_duration__hover_enabled=&#8220;1000ms&#8220; animation_delay__hover=&#8220;0ms&#8220; animation_delay__hover_enabled=&#8220;0ms&#8220; animation_intensity_slide__hover=&#8220;50%&#8220; animation_intensity_slide__hover_enabled=&#8220;50%&#8220; animation_intensity_zoom__hover=&#8220;50%&#8220; animation_intensity_zoom__hover_enabled=&#8220;50%&#8220; animation_intensity_flip__hover=&#8220;50%&#8220; animation_intensity_flip__hover_enabled=&#8220;50%&#8220; animation_intensity_fold__hover=&#8220;50%&#8220; animation_intensity_fold__hover_enabled=&#8220;50%&#8220; animation_intensity_roll__hover=&#8220;50%&#8220; animation_intensity_roll__hover_enabled=&#8220;50%&#8220; animation_starting_opacity__hover=&#8220;0%&#8220; animation_starting_opacity__hover_enabled=&#8220;0%&#8220; animation_speed_curve__hover=&#8220;ease-in-out&#8220; animation_speed_curve__hover_enabled=&#8220;ease-in-out&#8220; hover_transition_duration__hover=&#8220;300ms&#8220; hover_transition_duration__hover_enabled=&#8220;300ms&#8220; hover_transition_delay__hover=&#8220;0ms&#8220; hover_transition_delay__hover_enabled=&#8220;0ms&#8220; hover_transition_speed_curve__hover=&#8220;ease&#8220; hover_transition_speed_curve__hover_enabled=&#8220;ease&#8220;][et_pb_row column_structure=&#8220;1_2,1_2&#8243; custom_padding_last_edited=&#8220;on|tablet&#8220; padding_left_right_link_2=&#8220;true&#8220; _builder_version=&#8220;3.25&#8243; background_color=&#8220;rgba(255,255,255,0.79)&#8220; custom_margin=&#8220;60px||80px&#8220; custom_margin_tablet=&#8220;60px||40px&#8220; custom_margin_phone=&#8220;&#8220; custom_margin_last_edited=&#8220;on|tablet&#8220; custom_padding=&#8220;|40px|50px||false|false&#8220; custom_padding_tablet=&#8220;|80px|50px|80px|false|true&#8220; custom_padding_phone=&#8220;|30px||30px||true&#8220; box_shadow_style=&#8220;preset3&#8243; box_shadow_vertical=&#8220;40px&#8220; box_shadow_blur=&#8220;100px&#8220; box_shadow_spread=&#8220;-30px&#8220; box_shadow_color=&#8220;rgba(0,0,0,0.22)&#8220; custom_width_px__hover=&#8220;1080px&#8220; custom_width_px__hover_enabled=&#8220;1080px&#8220; custom_width_percent__hover=&#8220;80%&#8220; custom_width_percent__hover_enabled=&#8220;80%&#8220; make_fullwidth__hover=&#8220;off&#8220; make_fullwidth__hover_enabled=&#8220;off&#8220; use_custom_width__hover=&#8220;off&#8220; use_custom_width__hover_enabled=&#8220;off&#8220; width_unit__hover=&#8220;on&#8220; width_unit__hover_enabled=&#8220;on&#8220; use_custom_gutter__hover=&#8220;off&#8220; use_custom_gutter__hover_enabled=&#8220;off&#8220; gutter_width__hover=&#8220;3&#8243; gutter_width__hover_enabled=&#8220;3&#8243; make_equal__hover=&#8220;off&#8220; make_equal__hover_enabled=&#8220;off&#8220;][et_pb_column type=&#8220;1_2&#8243; _builder_version=&#8220;3.25&#8243; custom_padding=&#8220;|||&#8220; custom_padding__hover=&#8220;|||&#8220;][et_pb_text _builder_version=&#8220;3.27.4&#8243; text_font=&#8220;||||||||&#8220; text_line_height=&#8220;2em&#8220; header_font=&#8220;||||||||&#8220; header_3_font=&#8220;Faustina|600|||||||&#8220; header_3_text_color=&#8220;#0e7162&#8243; header_3_font_size=&#8220;26px&#8220; header_3_line_height=&#8220;1.4em&#8220; background_color=&#8220;#ffffff&#8220; custom_margin=&#8220;-70px|||-50px&#8220; custom_margin_tablet=&#8220;0px|-50px||-50px||true&#8220; custom_margin_phone=&#8220;|-50px||-50px||true&#8220; custom_margin_last_edited=&#8220;on|tablet&#8220; custom_padding=&#8220;50px|30px|50px|30px|true|true&#8220; custom_padding_last_edited=&#8220;off|desktop&#8220; animation_style=&#8220;slide&#8220; animation_direction=&#8220;bottom&#8220; animation_intensity_slide=&#8220;2%&#8220; header_3_font_size_tablet=&#8220;22px&#8220; header_3_font_size_phone=&#8220;18px&#8220; header_3_font_size_last_edited=&#8220;on|tablet&#8220; border_radii=&#8220;on|3px|3px|3px|3px&#8220; border_width_all=&#8220;20px&#8220; border_color_all=&#8220;#26c699&#8243; box_shadow_style=&#8220;preset3&#8243; box_shadow_vertical=&#8220;40px&#8220; box_shadow_blur=&#8220;100px&#8220; box_shadow_spread=&#8220;-30px&#8220; box_shadow_color=&#8220;rgba(0,0,0,0.22)&#8220; locked=&#8220;off&#8220; header_2_font_size__hover=&#8220;26px&#8220; header_2_font_size__hover_enabled=&#8220;26px&#8220; header_2_letter_spacing__hover=&#8220;0px&#8220; header_2_letter_spacing__hover_enabled=&#8220;0px&#8220; header_2_line_height__hover=&#8220;1em&#8220; header_2_line_height__hover_enabled=&#8220;1em&#8220; header_2_text_shadow_style__hover=&#8220;none&#8220; header_2_text_shadow_style__hover_enabled=&#8220;none&#8220; header_2_text_shadow_color__hover=&#8220;rgba(0,0,0,0.4)&#8220; header_2_text_shadow_color__hover_enabled=&#8220;rgba(0,0,0,0.4)&#8220;]<\/p>\n<h3>Seit 2006 ist schon viel passiert.<\/h3>\n<p>&#8211; wir haben Schulen in Afghanistan gebaut<br \/>&#8211; Schulunterricht und Ausbildung f\u00fcr Strassenkinder erm\u00f6glicht<br \/>&#8211; Programme f\u00fcr sexuell missbrauchte Kinder und Schutz bei Gewalt gegen M\u00e4dchen unterst\u00fctzt<br \/>&#8211; Kinderhospize in Deutschland besucht und mitangepackt<br \/>&#8211; Waisenh\u00e4uern und Kinderheimen in Asien finanziell geholfen<br \/>&#8211; Projekte f\u00fcr Kinderrechte ins Leben gerufen<br \/>&#8211; Hilfsprogramme f\u00fcr traumatisierte Kinder und Kinder in Not kreiert<\/p>\n<p>&#8211; Hilfe f\u00fcr Kinderfl\u00fcchtlinge in Europa und generell Kinder auf der ganzen Welt entgegengebracht\u00a0<\/p>\n<p>[\/et_pb_text][\/et_pb_column][et_pb_column type=&#8220;1_2&#8243; _builder_version=&#8220;3.25&#8243; custom_padding=&#8220;|||&#8220; custom_padding_tablet=&#8220;|||||true&#8220; custom_padding_last_edited=&#8220;off|desktop&#8220; padding_tablet=&#8220;|||||true&#8220; padding_last_edited=&#8220;off|desktop&#8220; custom_padding__hover=&#8220;|||&#8220;][et_pb_text _builder_version=&#8220;4.9.4&#8243; _module_preset=&#8220;default&#8220; hover_enabled=&#8220;0&#8243; sticky_enabled=&#8220;0&#8243; header_2_font=&#8220;Galada||||||||&#8220;]<\/p>\n<h2>Die Children Empowerment Foundation wurde gegr\u00fcndet, um:<\/h2>\n<p>[\/et_pb_text][et_pb_text _builder_version=&#8220;4.9.4&#8243; text_font=&#8220;||||||||&#8220; text_line_height=&#8220;2em&#8220; header_font=&#8220;||||||||&#8220; header_3_font=&#8220;Faustina|600|||||||&#8220; header_3_text_color=&#8220;#0e7162&#8243; header_3_font_size=&#8220;26px&#8220; header_3_line_height=&#8220;1.2em&#8220; max_width=&#8220;600px&#8220; hover_enabled=&#8220;0&#8243; header_3_font_size_tablet=&#8220;22px&#8220; header_3_font_size_phone=&#8220;18px&#8220; header_3_font_size_last_edited=&#8220;on|tablet&#8220; locked=&#8220;off&#8220; header_2_font_size__hover=&#8220;26px&#8220; header_2_font_size__hover_enabled=&#8220;26px&#8220; header_2_letter_spacing__hover=&#8220;0px&#8220; header_2_letter_spacing__hover_enabled=&#8220;0px&#8220; header_2_line_height__hover=&#8220;1em&#8220; header_2_line_height__hover_enabled=&#8220;1em&#8220; header_2_text_shadow_style__hover=&#8220;none&#8220; header_2_text_shadow_style__hover_enabled=&#8220;none&#8220; header_2_text_shadow_color__hover=&#8220;rgba(0,0,0,0.4)&#8220; header_2_text_shadow_color__hover_enabled=&#8220;rgba(0,0,0,0.4)&#8220; sticky_enabled=&#8220;0&#8243;]<\/p>\n<p>Mit &#8211; finanzieller &#8211; Beteiligung dazu beizutragen, entsprechende bestehende\u00a0 Einrichtungen, die diesen Zweck zum Ziel haben zu unterst\u00fctzen, bzw. eigene Projekte ins Leben zu rufen.<\/p>\n<p><strong>Die Stiftung verfolgt ausschlie\u00dflich und unmittelbar gemeinn\u00fctzige Zwecke!<\/strong><\/p>\n<p>Zudem k\u00f6nnen Kinder und Jugendliche in Notlagen durch Stiftungsmittel ganzheitliche Hilfe und Unterst\u00fctzung bekommen, so dass sich Situationen f\u00fcr sie langfristig verbessern.<\/p>\n<p>&nbsp;<\/p>\n<p>&nbsp;<\/p>\n<p>[\/et_pb_text][\/et_pb_column][\/et_pb_row][et_pb_row column_structure=&#8220;1_2,1_2&#8243; make_equal=&#8220;on&#8220; padding_top_bottom_link_1=&#8220;true&#8220; padding_top_bottom_link_2=&#8220;true&#8220; padding_left_right_link_1=&#8220;true&#8220; padding_left_right_link_2=&#8220;true&#8220; _builder_version=&#8220;3.25&#8243;][et_pb_column type=&#8220;1_2&#8243; _builder_version=&#8220;3.25&#8243; background_color=&#8220;#f7f9f9&#8243; custom_padding=&#8220;30px|30px|30px|30px&#8220; custom_padding__hover=&#8220;|||&#8220;][et_pb_text _builder_version=&#8220;3.27.4&#8243; text_font=&#8220;||||||||&#8220; text_line_height=&#8220;2em&#8220; header_font=&#8220;||||||||&#8220; header_4_font=&#8220;Faustina|600|||||||&#8220; header_4_text_color=&#8220;#0e7162&#8243; header_4_font_size=&#8220;22px&#8220; header_4_line_height=&#8220;2em&#8220; max_width=&#8220;600px&#8220; module_alignment=&#8220;center&#8220; locked=&#8220;off&#8220; header_2_font_size__hover=&#8220;26px&#8220; header_2_font_size__hover_enabled=&#8220;26px&#8220; header_2_letter_spacing__hover=&#8220;0px&#8220; header_2_letter_spacing__hover_enabled=&#8220;0px&#8220; header_2_line_height__hover=&#8220;1em&#8220; header_2_line_height__hover_enabled=&#8220;1em&#8220; header_2_text_shadow_style__hover=&#8220;none&#8220; header_2_text_shadow_style__hover_enabled=&#8220;none&#8220; header_2_text_shadow_color__hover=&#8220;rgba(0,0,0,0.4)&#8220; header_2_text_shadow_color__hover_enabled=&#8220;rgba(0,0,0,0.4)&#8220; header_4_font_size__hover=&#8220;18px&#8220; header_4_font_size__hover_enabled=&#8220;18px&#8220; header_4_letter_spacing__hover=&#8220;0px&#8220; header_4_letter_spacing__hover_enabled=&#8220;0px&#8220; header_4_line_height__hover=&#8220;1em&#8220; header_4_line_height__hover_enabled=&#8220;1em&#8220; header_4_text_shadow_style__hover=&#8220;none&#8220; header_4_text_shadow_style__hover_enabled=&#8220;none&#8220; header_4_text_shadow_color__hover=&#8220;rgba(0,0,0,0.4)&#8220; header_4_text_shadow_color__hover_enabled=&#8220;rgba(0,0,0,0.4)&#8220;]<\/p>\n<h4>Unsere Mission<\/h4>\n<p>Wir m\u00f6chten aktiv mitwirken, die Welt zu einem besseren Ort zu machen. Diese Vision ist eine Welt des Friedens, der Gerechtigkeit, der Fairness und der Nachhaltigkeit. Ich wollte die Schw\u00e4chsten und Schutzbed\u00fcrftigsten unterst\u00fctzen und allen Lebewesen auf der Erde die Chance geben, ein besseres Leben zu f\u00fchren.<\/p>\n<p>&nbsp;<\/p>\n<p>[\/et_pb_text][\/et_pb_column][et_pb_column type=&#8220;1_2&#8243; _builder_version=&#8220;3.25&#8243; background_color=&#8220;#f7f9f9&#8243; custom_padding=&#8220;30px|30px|30px|30px&#8220; custom_padding__hover=&#8220;|||&#8220;][et_pb_text _builder_version=&#8220;4.9.4&#8243; text_font=&#8220;||||||||&#8220; text_line_height=&#8220;2em&#8220; header_font=&#8220;||||||||&#8220; header_4_font=&#8220;Faustina|600|||||||&#8220; header_4_text_color=&#8220;#0e7162&#8243; header_4_font_size=&#8220;22px&#8220; header_4_line_height=&#8220;2em&#8220; max_width=&#8220;600px&#8220; module_alignment=&#8220;center&#8220; hover_enabled=&#8220;0&#8243; locked=&#8220;off&#8220; header_2_font_size__hover=&#8220;26px&#8220; header_2_font_size__hover_enabled=&#8220;26px&#8220; header_2_letter_spacing__hover=&#8220;0px&#8220; header_2_letter_spacing__hover_enabled=&#8220;0px&#8220; header_2_line_height__hover=&#8220;1em&#8220; header_2_line_height__hover_enabled=&#8220;1em&#8220; header_2_text_shadow_style__hover=&#8220;none&#8220; header_2_text_shadow_style__hover_enabled=&#8220;none&#8220; header_2_text_shadow_color__hover=&#8220;rgba(0,0,0,0.4)&#8220; header_2_text_shadow_color__hover_enabled=&#8220;rgba(0,0,0,0.4)&#8220; header_4_font_size__hover=&#8220;18px&#8220; header_4_font_size__hover_enabled=&#8220;18px&#8220; header_4_letter_spacing__hover=&#8220;0px&#8220; header_4_letter_spacing__hover_enabled=&#8220;0px&#8220; header_4_line_height__hover=&#8220;1em&#8220; header_4_line_height__hover_enabled=&#8220;1em&#8220; header_4_text_shadow_style__hover=&#8220;none&#8220; header_4_text_shadow_style__hover_enabled=&#8220;none&#8220; header_4_text_shadow_color__hover=&#8220;rgba(0,0,0,0.4)&#8220; header_4_text_shadow_color__hover_enabled=&#8220;rgba(0,0,0,0.4)&#8220; sticky_enabled=&#8220;0&#8243;]<\/p>\n<h4>Unsere Vision<\/h4>\n<p><strong>Menschlichkeit, Wohlwollen, anderen die M\u00f6glichkeit<\/strong> zu geben, gesund und gl\u00fccklich zu sein und die eigenen Potentiale zu nutzen, sind uns von gro\u00dfer Wichtigkeit. Und auch Systeme zu korrigieren und neuzugestalten.<\/p>\n<p><strong>Dazu m\u00f6chten wir einen Beitrag leisten auf so vielen Ebenen wie m\u00f6glich.<\/strong><\/p>\n<p>[\/et_pb_text][\/et_pb_column][\/et_pb_row][\/et_pb_section][et_pb_section fb_built=&#8220;1&#8243; admin_label=&#8220;Video&#8220; _builder_version=&#8220;4.9.4&#8243; background_enable_color=&#8220;off&#8220; background_image=&#8220;https:\/\/www.cegfoundation.com\/wp-content\/uploads\/2021\/06\/pexels-archie-binamira-754769-scaled.jpg&#8220; parallax=&#8220;on&#8220; parallax_method=&#8220;off&#8220; custom_padding=&#8220;0|1px|0|0px|false|false&#8220; hover_enabled=&#8220;0&#8243; collapsed=&#8220;off&#8220; title_text=&#8220;pexels-archie-binamira-754769&#8243; sticky_enabled=&#8220;0&#8243;][et_pb_row _builder_version=&#8220;4.9.4&#8243; _module_preset=&#8220;default&#8220;][et_pb_column type=&#8220;4_4&#8243; _builder_version=&#8220;4.9.4&#8243; _module_preset=&#8220;default&#8220;][et_pb_text _builder_version=&#8220;4.9.4&#8243; text_font=&#8220;||||||||&#8220; text_line_height=&#8220;2em&#8220; header_font=&#8220;Faustina|600|||||||&#8220; header_text_color=&#8220;#FFFFFF&#8220; header_font_size=&#8220;60px&#8220; header_line_height=&#8220;1.3em&#8220; custom_margin=&#8220;100px||122px|||&#8220; header_font_size_tablet=&#8220;50px&#8220; header_font_size_phone=&#8220;40px&#8220; header_font_size_last_edited=&#8220;on|phone&#8220; inline_fonts=&#8220;Galada,Meddon&#8220;]<\/p>\n<h1 style=\"text-align: center;\"><span style=\"font-family: Galada;\">Wo wir Freude bereiten ist der<span style=\"font-family: Meddon;\"> Schmerz<\/span> kleiner!<\/span><\/h1>\n<p>[\/et_pb_text][\/et_pb_column][\/et_pb_row][\/et_pb_section]<\/p>\n","protected":false},"excerpt":{"rendered":"<p>[et_pb_section fb_built=&#8220;1&#8243; admin_label=&#8220;Header&#8220; _builder_version=&#8220;3.22&#8243; background_color=&#8220;#f7f9f9&#8243; background_image=&#8220;https:\/\/www.cegfoundation.com\/wp-content\/uploads\/2021\/06\/charity-09.png&#8220; parallax=&#8220;on&#8220; collapsed=&#8220;off&#8220;][et_pb_row column_structure=&#8220;1_2,1_2&#8243; _builder_version=&#8220;3.25&#8243;][et_pb_column type=&#8220;1_2&#8243; _builder_version=&#8220;3.25&#8243; custom_padding=&#8220;60px|||&#8220; custom_padding_tablet=&#8220;0px||&#8220; custom_padding_phone=&#8220;&#8220; custom_padding_last_edited=&#8220;on|tablet&#8220; padding_tablet=&#8220;0px||&#8220; padding_last_edited=&#8220;on|tablet&#8220; custom_padding__hover=&#8220;|||&#8220;][et_pb_text _builder_version=&#8220;4.9.4&#8243; text_font=&#8220;Faustina||||||||&#8220; text_font_size=&#8220;21px&#8220; text_line_height=&#8220;2em&#8220; link_font=&#8220;|700|||||||&#8220; link_text_color=&#8220;#26c699&#8243; header_font=&#8220;||||||||&#8220; header_2_font=&#8220;Galada|600|||||||&#8220; header_2_text_color=&#8220;#0e7162&#8243; header_2_font_size=&#8220;42px&#8220; header_2_line_height=&#8220;1.4em&#8220; text_orientation=&#8220;center&#8220; max_width=&#8220;800px&#8220; module_alignment=&#8220;center&#8220; hover_enabled=&#8220;0&#8243; text_font_size_tablet=&#8220;&#8220; text_font_size_phone=&#8220;17px&#8220; text_font_size_last_edited=&#8220;on|phone&#8220; header_2_font_size_tablet=&#8220;32px&#8220; header_2_font_size_phone=&#8220;22px&#8220; header_2_font_size_last_edited=&#8220;on|desktop&#8220; locked=&#8220;off&#8220; sticky_enabled=&#8220;0&#8243; inline_fonts=&#8220;Meddon&#8220;] Ich m\u00f6chte f\u00fcr mehr strahlende Kinderaugen in dieser Welt sorgen! Aus dem [&hellip;]<\/p>\n","protected":false},"author":1,"featured_media":0,"parent":0,"menu_order":0,"comment_status":"closed","ping_status":"closed","template":"","meta":{"_et_pb_use_builder":"on","_et_pb_old_content":"","_et_gb_content_width":""},"_links":{"self":[{"href":"https:\/\/www.cegfoundation.com\/index.php?rest_route=\/wp\/v2\/pages\/190"}],"collection":[{"href":"https:\/\/www.cegfoundation.com\/index.php?rest_route=\/wp\/v2\/pages"}],"about":[{"href":"https:\/\/www.cegfoundation.com\/index.php?rest_route=\/wp\/v2\/types\/page"}],"author":[{"embeddable":true,"href":"https:\/\/www.cegfoundation.com\/index.php?rest_route=\/wp\/v2\/users\/1"}],"replies":[{"embeddable":true,"href":"https:\/\/www.cegfoundation.com\/index.php?rest_route=%2Fwp%2Fv2%2Fcomments&post=190"}],"version-history":[{"count":3,"href":"https:\/\/www.cegfoundation.com\/index.php?rest_route=\/wp\/v2\/pages\/190\/revisions"}],"predecessor-version":[{"id":378,"href":"https:\/\/www.cegfoundation.com\/index.php?rest_route=\/wp\/v2\/pages\/190\/revisions\/378"}],"wp:attachment":[{"href":"https:\/\/www.cegfoundation.com\/index.php?rest_route=%2Fwp%2Fv2%2Fmedia&parent=190"}],"curies":[{"name":"wp","href":"https:\/\/api.w.org\/{rel}","templated":true}]}}